{"id":302,"date":"2017-07-31T15:07:27","date_gmt":"2017-07-31T13:07:27","guid":{"rendered":"http:\/\/localhost:8888\/eg-fineart\/intro\/"},"modified":"2018-02-15T17:51:10","modified_gmt":"2018-02-15T16:51:10","slug":"intro","status":"publish","type":"page","link":"https:\/\/www.eg-fineart.com\/fr\/intro\/","title":{"rendered":"Intro"},"content":{"rendered":"<h2>Partenaire de votre collection d\u2019art<\/h2>\n<p>Nous pr\u00e9sentons \u00e0 nos clients un panel d\u2019\u0153uvres s\u00e9lectionn\u00e9es pour leur raret\u00e9 et leur exception, et vous recevez nos conseils pointus en mati\u00e8re d\u2019achat et de vente.<\/p>\n","protected":false},"excerpt":{"rendered":"<p>Partenaire de votre collection d\u2019art Nous pr\u00e9sentons \u00e0 nos clients un panel d\u2019\u0153uvres s\u00e9lectionn\u00e9es pour leur raret\u00e9 et leur exception, et vous recevez nos conseils pointus en mati\u00e8re d\u2019achat et de vente.<\/p>\n","protected":false},"author":1,"featured_media":971,"parent":0,"menu_order":0,"comment_status":"closed","ping_status":"closed","template":"","meta":[],"_links":{"self":[{"href":"https:\/\/www.eg-fineart.com\/fr\/wp-json\/wp\/v2\/pages\/302\/"}],"collection":[{"href":"https:\/\/www.eg-fineart.com\/fr\/wp-json\/wp\/v2\/pages\/"}],"about":[{"href":"https:\/\/www.eg-fineart.com\/fr\/wp-json\/wp\/v2\/types\/page\/"}],"author":[{"embeddable":true,"href":"https:\/\/www.eg-fineart.com\/fr\/wp-json\/wp\/v2\/users\/1\/"}],"replies":[{"embeddable":true,"href":"https:\/\/www.eg-fineart.com\/fr\/wp-json\/wp\/v2\/comments\/?post=302"}],"version-history":[{"count":3,"href":"https:\/\/www.eg-fineart.com\/fr\/wp-json\/wp\/v2\/pages\/302\/revisions\/"}],"predecessor-version":[{"id":795,"href":"https:\/\/www.eg-fineart.com\/fr\/wp-json\/wp\/v2\/pages\/302\/revisions\/795\/"}],"wp:featuredmedia":[{"embeddable":true,"href":"https:\/\/www.eg-fineart.com\/fr\/wp-json\/wp\/v2\/media\/971\/"}],"wp:attachment":[{"href":"https:\/\/www.eg-fineart.com\/fr\/wp-json\/wp\/v2\/media\/?parent=302"}],"curies":[{"name":"wp","href":"https:\/\/api.w.org\/{rel}","templated":true}]}}